{"id":22,"date":"2025-12-19T11:02:07","date_gmt":"2025-12-19T11:02:07","guid":{"rendered":"https:\/\/kp88-vn.com\/?page_id=22"},"modified":"2025-12-25T09:42:45","modified_gmt":"2025-12-25T09:42:45","slug":"trang-chu","status":"publish","type":"page","link":"https:\/\/kp88-vn.com\/","title":{"rendered":"Trang ch\u1ee7"},"content":{"rendered":"\t<div id=\"gap-1511371372\" class=\"gap-element clearfix\" style=\"display:block; height:auto;\">\n\t\t\n<style>\n#gap-1511371372 {\n  padding-top: 30px;\n}\n<\/style>\n\t<\/div>\n\t\n<div class=\"row\"  id=\"row-347404672\">\n\n\t<div id=\"col-8928543\" class=\"col small-12 large-12\"  >\n\t\t\t\t<div class=\"col-inner\"  >\n\t\t\t\n\t\t\t\n<h1 style=\"text-align: center;\" data-start=\"166\" data-end=\"215\"><span style=\"font-family: verdana, geneva, sans-serif; color: #ff9900;\">KP88 | \u0110\u0103ng Nh\u1eadp Link Ch\u00ednh Th\u1ee9c nh\u00e0 c\u00e1i KP88.com, t\u1eb7ng 68k H\u1ed9i Vi\u00ean M\u1edbi<\/span><\/h1>\n\t\t<\/div>\n\t\t\t\t\t<\/div>\n\n\t\n<\/div>\n<div class=\"row\"  id=\"row-302687385\">\n\n\t<div id=\"col-1907532017\" class=\"col medium-6 large-6\"  >\n\t\t\t\t<div class=\"col-inner\"  >\n\t\t\t\n\t\t\t\n\t<div id=\"gap-771538024\" class=\"gap-element clearfix\" style=\"display:block; height:auto;\">\n\t\t\n<style>\n#gap-771538024 {\n  padding-top: 80px;\n}\n<\/style>\n\t<\/div>\n\t\n\t<div id=\"text-205508985\" class=\"text\">\n\t\t\n<p data-start=\"250\" data-end=\"558\"><span style=\"font-family: verdana, geneva, sans-serif;\"><b>KP88 <\/b>lu\u00f4n l\u00e0 c\u00e1i t\u00ean n\u1ed5i b\u1eadt nh\u1edd s\u1ef1 k\u1ebft h\u1ee3p gi\u1eefa c\u00f4ng ngh\u1ec7 hi\u1ec7n \u0111\u1ea1i, h\u1ec7 th\u1ed1ng tr\u00f2 ch\u01a1i phong ph\u00fa v\u00e0 d\u1ecbch v\u1ee5 kh\u00e1ch h\u00e0ng t\u1eadn t\u00e2m v\u00e0 l\u00e0 \u0111\u1ecba ch\u1ec9 uy t\u00edn d\u00e0nh cho nh\u1eefng ai y\u00eau th\u00edch gi\u1ea3i tr\u00ed tr\u1ef1c tuy\u1ebfn. T\u1eeb khi xu\u1ea5t hi\u1ec7n tr\u00ean th\u1ecb tr\u01b0\u1eddng, \u0111\u00e3 t\u1ea1o d\u1ef1ng \u0111\u01b0\u1ee3c uy t\u00edn v\u1eefng ch\u1eafc v\u1edbi h\u00e0ng ngh\u00ecn ng\u01b0\u1eddi ch\u01a1i th\u01b0\u1eddng xuy\u00ean truy c\u1eadp m\u1ed7i ng\u00e0y.<\/span><\/p>\n<p data-start=\"250\" data-end=\"558\"><span style=\"font-family: verdana, geneva, sans-serif;\">N\u1ec1n t\u1ea3ng n\u00e0y cung c\u1ea5p h\u00e0ng lo\u1ea1t tr\u00f2 ch\u01a1i \u0111\u1ed5i th\u01b0\u1edfng h\u1ea5p d\u1eabn c\u00f9ng c\u01a1 ch\u1ebf thanh to\u00e1n nhanh ch\u00f3ng v\u00e0 b\u1ea3o m\u1eadt an to\u00e0n. Ng\u01b0\u1eddi ch\u01a1i c\u00f3 th\u1ec3 t\u1eadn h\u01b0\u1edfng nh\u1eefng gi\u00e2y ph\u00fat th\u01b0 gi\u00e3n v\u1edbi nhi\u1ec1u t\u1ef1a game th\u00fa v\u1ecb v\u00e0 c\u01a1 h\u1ed9i nh\u1eadn th\u01b0\u1edfng cao v\u1edbi m\u00f4i tr\u01b0\u1eddng an to\u00e0n, minh b\u1ea1ch v\u00e0 t\u1ef7 l\u1ec7 tr\u1ea3 th\u01b0\u1edfng c\u1ea1nh tranh.<\/span><\/p>\n\t\t\n<style>\n#text-205508985 {\n  color: rgb(255,255,255);\n}\n#text-205508985 > * {\n  color: rgb(255,255,255);\n}\n<\/style>\n\t<\/div>\n\t\n<div class=\"row row-collapse row-full-width\"  id=\"row-1269529588\">\n\n\t<div id=\"col-2098755324\" class=\"col medium-6 large-6\"  >\n\t\t\t\t<div class=\"col-inner text-center\"  >\n\t\t\t\n\t\t\t\n<a href=\"https:\/\/kp88-vn.com\/qc\/1\" target=\"_blank\" class=\"button secondary is-gloss button-66\" rel=\"noopener\"  style=\"border-radius:25px;\">\n\t\t<span>\u0110\u0103ng k\u00fd<\/span>\n\t<\/a>\n\n\t\t<\/div>\n\t\t\t\t\t<\/div>\n\n\t\n\n\t<div id=\"col-296501994\" class=\"col medium-6 large-6\"  >\n\t\t\t\t<div class=\"col-inner text-center\"  >\n\t\t\t\n\t\t\t\n<a href=\"https:\/\/kp88-vn.com\/qc\/1\" target=\"_blank\" class=\"button secondary is-gloss button-66\" rel=\"noopener\"  style=\"border-radius:25px;\">\n\t\t<span>Nh\u1eadn L\u00ec X\u00ec<\/span>\n\t<\/a>\n\n\t\t<\/div>\n\t\t\t\t\t<\/div>\n\n\t\n<\/div>\n\t\t<\/div>\n\t\t\t\t\t<\/div>\n\n\t\n\n\t<div id=\"col-1829274225\" class=\"col medium-6 small-12 large-6\"  >\n\t\t\t\t<div class=\"col-inner\"  >\n\t\t\t\n\t\t\t\n\t<div class=\"img has-hover x md-x lg-x y md-y lg-y\" id=\"image_1324070647\">\n\t\t\t\t\t\t\t\t<div class=\"img-inner dark\" >\n\t\t\t<img loading=\"lazy\" decoding=\"async\" width=\"1108\" height=\"1154\" src=\"https:\/\/kp88-vn.com\/wp-content\/uploads\/2025\/12\/KP88-logo-2.png\" class=\"attachment-original size-original\" alt=\"KP88\" srcset=\"https:\/\/kp88-vn.com\/wp-content\/uploads\/2025\/12\/KP88-logo-2.png 1108w, https:\/\/kp88-vn.com\/wp-content\/uploads\/2025\/12\/KP88-logo-2-288x300.png 288w, https:\/\/kp88-vn.com\/wp-content\/uploads\/2025\/12\/KP88-logo-2-983x1024.png 983w, https:\/\/kp88-vn.com\/wp-content\/uploads\/2025\/12\/KP88-logo-2-768x800.png 768w\" sizes=\"auto, (max-width: 1108px) 100vw, 1108px\" \/>\t\t\t\t\t\t\n\t\t\t\t\t<\/div>\n\t\t\t\t\t\t\t\t\n<style>\n#image_1324070647 {\n  width: 100%;\n}\n<\/style>\n\t<\/div>\n\t\n\t\t<\/div>\n\t\t\t\t\t<\/div>\n\n\t\n<\/div>\n<div class=\"row row-collapse row-full-width\"  id=\"row-460733663\">\n<\/div>\n","protected":false},"excerpt":{"rendered":"","protected":false},"author":1,"featured_media":0,"parent":0,"menu_order":0,"comment_status":"closed","ping_status":"closed","template":"","meta":{"footnotes":""},"class_list":["post-22","page","type-page","status-publish","hentry"],"_links":{"self":[{"href":"https:\/\/kp88-vn.com\/index.php?rest_route=\/wp\/v2\/pages\/22","targetHints":{"allow":["GET"]}}],"collection":[{"href":"https:\/\/kp88-vn.com\/index.php?rest_route=\/wp\/v2\/pages"}],"about":[{"href":"https:\/\/kp88-vn.com\/index.php?rest_route=\/wp\/v2\/types\/page"}],"author":[{"embeddable":true,"href":"https:\/\/kp88-vn.com\/index.php?rest_route=\/wp\/v2\/users\/1"}],"replies":[{"embeddable":true,"href":"https:\/\/kp88-vn.com\/index.php?rest_route=%2Fwp%2Fv2%2Fcomments&post=22"}],"version-history":[{"count":9,"href":"https:\/\/kp88-vn.com\/index.php?rest_route=\/wp\/v2\/pages\/22\/revisions"}],"predecessor-version":[{"id":63,"href":"https:\/\/kp88-vn.com\/index.php?rest_route=\/wp\/v2\/pages\/22\/revisions\/63"}],"wp:attachment":[{"href":"https:\/\/kp88-vn.com\/index.php?rest_route=%2Fwp%2Fv2%2Fmedia&parent=22"}],"curies":[{"name":"wp","href":"https:\/\/api.w.org\/{rel}","templated":true}]}}